{"id":25,"date":"2021-01-15T14:34:14","date_gmt":"2021-01-15T14:34:14","guid":{"rendered":"https:\/\/kinderkrippe-knoblauchsland.de\/?page_id=25"},"modified":"2021-01-28T19:30:04","modified_gmt":"2021-01-28T19:30:04","slug":"unser-bild-vom-kind","status":"publish","type":"page","link":"https:\/\/kinderkrippe-knoblauchsland.de\/index.php\/paedagogik\/unser-bild-vom-kind\/","title":{"rendered":"Unser Bild vom Kind"},"content":{"rendered":"<p>Im Mittelpunkt unserer p\u00e4dagogischen Arbeit, steht das Kind, mit seiner individuellen Pers\u00f6nlichkeit und seinen F\u00e4higkeiten, seinem Bed\u00fcrfnis nach Schutz und Geborgenheit und seinem nat\u00fcrlichen Drang, seine Umwelt zu erfahren und zu erforschen.<\/p>\n<p>Um ein Kind, in seiner Emotionalit\u00e4t, seinen Interessen und seiner Lebenswelt kennen zu lernen und zu verstehen, braucht es viel Zeit f\u00fcr die gezielte Beobachtung.<\/p>\n<p>Unsere Aufgabe ist, die Rolle des Beobachters, Begleiters und Schutzgebenden. Jedes Kind, tr\u00e4gt ein gro\u00dfes Entwicklungspotenzial in sich und bringt seine eigene Individualit\u00e4t mit. Durch eine wertsch\u00e4tzende, positiv emotionale Umgebung, Halt gebende, verl\u00e4ssliche Personen, entwickeln die&nbsp; Kindern Selbstvertrauen in sich und in ihr Umfeld.<\/p>\n<p><img decoding=\"async\" width=\"322\" height=\"482\" src=\"https:\/\/kinderkrippe-knoblauchsland.de\/wp-content\/uploads\/2021\/01\/Krippe-Unser-Bild.png\" alt=\"\" loading=\"lazy\" srcset=\"https:\/\/kinderkrippe-knoblauchsland.de\/wp-content\/uploads\/2021\/01\/Krippe-Unser-Bild.png 322w, https:\/\/kinderkrippe-knoblauchsland.de\/wp-content\/uploads\/2021\/01\/Krippe-Unser-Bild-200x300.png 200w\" sizes=\"auto, (max-width: 322px) 100vw, 322px\"><\/p>\n<p>Eine gute Beziehung, auf einem verl\u00e4sslichem Fundament, schlie\u00dft nat\u00fcrlich nicht aus, Grenzen zu setzen und Kinder in ihrer Selbstst\u00e4ndigkeit zu f\u00f6rdern und zu fordern. Je \u00e4lter ein uns anvertrautes Kind wird, desto gr\u00f6\u00dfer werden auch die Aufgaben und Verantwortung, die jedes Kind erwirbt.&nbsp;<\/p>\n<p>Wichtig f\u00fcr uns ist zu erkennen, wo Grenzen einzuhalten sind und wo Bedarf nach mehr ist. Durch kleine Alltagsaufgaben, wie z.B. das morgendliche Tisch decken , sich selber aus dem K\u00e4nnchen Wasser einzugie\u00dfen oder angeregt zu werden, kleinere Auftr\u00e4ge auszuf\u00fchren, wird den Kindern verdeutlicht, dass auch sie schon wichtige Aufgaben f\u00fcr die Gemeinschaft wahrnehmen k\u00f6nnen, als auch ihr Selbstvertrauen und ihre Selbstst\u00e4ndigkeit f\u00f6rdern.&nbsp;<\/p>\n<p>Sich als wichtigen, Teil einer Gemeinschaft wahrzunehmen, als auch die eigenst\u00e4ndige Partizipation, unter Einhaltung der pers\u00f6nlichen Grenzen des Kindes, sind uns sehr wichtig.<\/p>\n<p>Das Kind begreift sich als Akteur seiner Entwicklung und baut Ich- Kompetenzen auf: <strong>Ich kann\u2026, ich bin\u2026, ich will..<\/strong><\/p>\n","protected":false},"excerpt":{"rendered":"<p>Im Mittelpunkt unserer p\u00e4dagogischen Arbeit, steht das Kind, mit seiner individuellen Pers\u00f6nlichkeit und seinen F\u00e4higkeiten, seinem Bed\u00fcrfnis nach Schutz und Geborgenheit und seinem nat\u00fcrlichen Drang,&hellip;<\/p>\n","protected":false},"author":1,"featured_media":0,"parent":12,"menu_order":1,"comment_status":"closed","ping_status":"closed","template":"","meta":{"footnotes":""},"class_list":["post-25","page","type-page","status-publish","hentry"],"_links":{"self":[{"href":"https:\/\/kinderkrippe-knoblauchsland.de\/index.php\/wp-json\/wp\/v2\/pages\/25","targetHints":{"allow":["GET"]}}],"collection":[{"href":"https:\/\/kinderkrippe-knoblauchsland.de\/index.php\/wp-json\/wp\/v2\/pages"}],"about":[{"href":"https:\/\/kinderkrippe-knoblauchsland.de\/index.php\/wp-json\/wp\/v2\/types\/page"}],"author":[{"embeddable":true,"href":"https:\/\/kinderkrippe-knoblauchsland.de\/index.php\/wp-json\/wp\/v2\/users\/1"}],"replies":[{"embeddable":true,"href":"https:\/\/kinderkrippe-knoblauchsland.de\/index.php\/wp-json\/wp\/v2\/comments?post=25"}],"version-history":[{"count":9,"href":"https:\/\/kinderkrippe-knoblauchsland.de\/index.php\/wp-json\/wp\/v2\/pages\/25\/revisions"}],"predecessor-version":[{"id":677,"href":"https:\/\/kinderkrippe-knoblauchsland.de\/index.php\/wp-json\/wp\/v2\/pages\/25\/revisions\/677"}],"up":[{"embeddable":true,"href":"https:\/\/kinderkrippe-knoblauchsland.de\/index.php\/wp-json\/wp\/v2\/pages\/12"}],"wp:attachment":[{"href":"https:\/\/kinderkrippe-knoblauchsland.de\/index.php\/wp-json\/wp\/v2\/media?parent=25"}],"curies":[{"name":"wp","href":"https:\/\/api.w.org\/{rel}","templated":true}]}}