{"id":28,"date":"2021-01-15T14:24:50","date_gmt":"2021-01-15T14:24:50","guid":{"rendered":"https:\/\/kinderkrippe-knoblauchsland.de\/?page_id=28"},"modified":"2023-10-15T12:48:46","modified_gmt":"2023-10-15T12:48:46","slug":"eingewoehnung","status":"publish","type":"page","link":"https:\/\/kinderkrippe-knoblauchsland.de\/index.php\/paedagogik\/eingewoehnung\/","title":{"rendered":"Eingew\u00f6hnung"},"content":{"rendered":"<p>Die Eingew\u00f6hnung in die Krippe, ist eine sehr sensible Phase f\u00fcr das Kind, seine Eltern und das Team &nbsp;und dauert zwischen 4-6 Wochen (evtl. auch l\u00e4nger).<\/p>\n<p>F\u00fcr das Kleinkind, bedeutet der \u00dcbergang von seiner Familie zu der Institution Krippe, sich in einer fremden Welt, fremden R\u00e4umen und mit fremden Menschen zurechtfinden zu m\u00fcssen.<\/p>\n<p>Um einen weitgehend sanften Einstieg in die Krippe zu erm\u00f6glichen, arbeiten wir nach dem Berliner Infans Modell, welches f\u00fcr Krippenkinder entwickelt wurde und immer wieder mit neuen wissenschaftlichen Erkenntnissen aus der Bindungsforschung abgeglichen und entsprechend weiterentwickelt wurde.<\/p>\n<p>\t\t\t\t\t\t\t\t\t\t\t\t\t\t\t<img decoding=\"async\" width=\"261\" height=\"391\" src=\"https:\/\/kinderkrippe-knoblauchsland.de\/wp-content\/uploads\/2021\/01\/Krippe-Eingewoehnung-1.png\" alt=\"\" loading=\"lazy\" srcset=\"https:\/\/kinderkrippe-knoblauchsland.de\/wp-content\/uploads\/2021\/01\/Krippe-Eingewoehnung-1.png 261w, https:\/\/kinderkrippe-knoblauchsland.de\/wp-content\/uploads\/2021\/01\/Krippe-Eingewoehnung-1-200x300.png 200w\" sizes=\"auto, (max-width: 261px) 100vw, 261px\" \/><br \/>\n\t\t\t\t\t\t\t\t\t\t\t\t\t\t\t<img decoding=\"async\" width=\"240\" height=\"361\" src=\"https:\/\/kinderkrippe-knoblauchsland.de\/wp-content\/uploads\/2021\/01\/Krippe-Eingewoehnung-2.png\" alt=\"\" loading=\"lazy\" srcset=\"https:\/\/kinderkrippe-knoblauchsland.de\/wp-content\/uploads\/2021\/01\/Krippe-Eingewoehnung-2.png 240w, https:\/\/kinderkrippe-knoblauchsland.de\/wp-content\/uploads\/2021\/01\/Krippe-Eingewoehnung-2-199x300.png 199w\" sizes=\"auto, (max-width: 240px) 100vw, 240px\" \/>\t\t\t\t\t\t\t\t\t\t\t\t\t\t\t<\/p>\n<p>Dabei gilt es, die bisherigen Bindungsbeziehungen und Verhaltensweisen des Kindes zu erkennen und ihm langsam einen stabilen Bindungsaufbau zur Betreuungserzieherin zu erm\u00f6glichen.<\/p>\n<p>Dies geschieht unter Miteinbeziehung der Mutter \/des Vater durch st\u00e4ndige Anwesenheit, dann immer k\u00fcrzer werdende Zeitfenster, in denen sich die Eltern zun\u00e4chst nur f\u00fcr kurze Momente entfernen (ca. 10 \u2013 20 Min), sp\u00e4ter auch l\u00e4ngere (1 Std.). In dieser Zeitspanne, sollten die Eltern jedoch in der Einrichtung bleiben, um in Absprache mit der Erzieherin bei Problemen sofort wieder hinzukommen zu k\u00f6nnen. W\u00e4hrend der Eingew\u00f6hnungsphase, findet ein enger Austausch zwischen der Erzieherin und den Eltern statt, um \u00fcber die Befindlichkeit des Kindes ausreichend informiert zu sein.<\/p>\n<p>Die Eingew\u00f6hnung ist beendet, sobald das Kind die Erzieherin als sichere Basis akzeptiert und sich von ihr dauerhaft beruhigen l\u00e4sst.<\/p>\n<p>F\u00fcr die Eingew\u00f6hnung sollten Eltern ausreichend Zeit mitbringen, um nicht durch einen zu abrupten Start ins Berufsleben die Eingew\u00f6hnung zu gef\u00e4hrden. Falls nicht gen\u00fcgend Zeit zur Verf\u00fcgung steht, k\u00f6nnte auch eine andere dem Kind vertraute Person die Eingew\u00f6hnung begleiten, z.B. die Oma.<\/p>\n<p>Durch diese gemeinsam erlebte, intensive Eingew\u00f6hnungsphase bekommen Eltern einen Einblick in das Alltagsleben der Krippe und die Gewissheit, da\u00df ihr Kind gut aufgehoben ist.<\/p>\n<p><strong>\u00a0<\/strong><\/p>\n","protected":false},"excerpt":{"rendered":"<p>Die Eingew\u00f6hnung in die Krippe, ist eine sehr sensible Phase f\u00fcr das Kind, seine Eltern und das Team &nbsp;und dauert zwischen 4-6 Wochen (evtl. auch&hellip;<\/p>\n","protected":false},"author":1,"featured_media":0,"parent":12,"menu_order":4,"comment_status":"closed","ping_status":"closed","template":"","meta":{"footnotes":""},"class_list":["post-28","page","type-page","status-publish","hentry"],"_links":{"self":[{"href":"https:\/\/kinderkrippe-knoblauchsland.de\/index.php\/wp-json\/wp\/v2\/pages\/28","targetHints":{"allow":["GET"]}}],"collection":[{"href":"https:\/\/kinderkrippe-knoblauchsland.de\/index.php\/wp-json\/wp\/v2\/pages"}],"about":[{"href":"https:\/\/kinderkrippe-knoblauchsland.de\/index.php\/wp-json\/wp\/v2\/types\/page"}],"author":[{"embeddable":true,"href":"https:\/\/kinderkrippe-knoblauchsland.de\/index.php\/wp-json\/wp\/v2\/users\/1"}],"replies":[{"embeddable":true,"href":"https:\/\/kinderkrippe-knoblauchsland.de\/index.php\/wp-json\/wp\/v2\/comments?post=28"}],"version-history":[{"count":12,"href":"https:\/\/kinderkrippe-knoblauchsland.de\/index.php\/wp-json\/wp\/v2\/pages\/28\/revisions"}],"predecessor-version":[{"id":1093,"href":"https:\/\/kinderkrippe-knoblauchsland.de\/index.php\/wp-json\/wp\/v2\/pages\/28\/revisions\/1093"}],"up":[{"embeddable":true,"href":"https:\/\/kinderkrippe-knoblauchsland.de\/index.php\/wp-json\/wp\/v2\/pages\/12"}],"wp:attachment":[{"href":"https:\/\/kinderkrippe-knoblauchsland.de\/index.php\/wp-json\/wp\/v2\/media?parent=28"}],"curies":[{"name":"wp","href":"https:\/\/api.w.org\/{rel}","templated":true}]}}