{"id":29,"date":"2021-01-15T14:25:02","date_gmt":"2021-01-15T14:25:02","guid":{"rendered":"https:\/\/kinderkrippe-knoblauchsland.de\/?page_id=29"},"modified":"2021-01-28T19:46:01","modified_gmt":"2021-01-28T19:46:01","slug":"eltern-beteiligung","status":"publish","type":"page","link":"https:\/\/kinderkrippe-knoblauchsland.de\/index.php\/paedagogik\/eltern-beteiligung\/","title":{"rendered":"Eltern-Beteiligung"},"content":{"rendered":"<p><img decoding=\"async\" width=\"525\" height=\"394\" src=\"https:\/\/kinderkrippe-knoblauchsland.de\/wp-content\/uploads\/2021\/01\/3.6.-Elternbeteiligung-2-1024x768.jpg\" alt=\"\" loading=\"lazy\" srcset=\"https:\/\/kinderkrippe-knoblauchsland.de\/wp-content\/uploads\/2021\/01\/3.6.-Elternbeteiligung-2-1024x768.jpg 1024w, https:\/\/kinderkrippe-knoblauchsland.de\/wp-content\/uploads\/2021\/01\/3.6.-Elternbeteiligung-2-300x225.jpg 300w, https:\/\/kinderkrippe-knoblauchsland.de\/wp-content\/uploads\/2021\/01\/3.6.-Elternbeteiligung-2-768x576.jpg 768w, https:\/\/kinderkrippe-knoblauchsland.de\/wp-content\/uploads\/2021\/01\/3.6.-Elternbeteiligung-2-1536x1152.jpg 1536w, https:\/\/kinderkrippe-knoblauchsland.de\/wp-content\/uploads\/2021\/01\/3.6.-Elternbeteiligung-2.jpg 1574w\" sizes=\"auto, (max-width: 525px) 100vw, 525px\"><\/p>\n<p>Wir pflegen einen sehr famili\u00e4ren Austausch zu unseren Eltern. Durch die intensive Zeit in der Eingew\u00f6hnung, aber auch regelm\u00e4\u00dfigen Austausch in Form von:<\/p>\n<ul>\n<li>Elternabend<\/li>\n<li>Entwicklungsgespr\u00e4che<\/li>\n<li>Themenabende mit Referenten<\/li>\n<li>Gemeinsame Feste, wie St. Martin, Sommerfest, Muttertagscaf\u00e9,<\/li>\n<li>Mitarbeit im Elternbeirat<\/li>\n<\/ul>\n<p>Bei Aktionen, w\u00e4hrend des laufenden Jahres, verpflichten sich unsere Eltern, uns darin zu unterst\u00fctzen. Dies kann sein: Sandwechsel im Sandkasten, Auf-Abbau beim Sommerfest, gro\u00dfe Putz- oder Gartenaktion etc. Die Aktionen werden \u00fcber den Elternbeirat kommuniziert und koordiniert.<\/p>\n","protected":false},"excerpt":{"rendered":"<p>Wir pflegen einen sehr famili\u00e4ren Austausch zu unseren Eltern. Durch die intensive Zeit in der Eingew\u00f6hnung, aber auch regelm\u00e4\u00dfigen Austausch in Form von: Elternabend Entwicklungsgespr\u00e4che&hellip;<\/p>\n","protected":false},"author":1,"featured_media":0,"parent":12,"menu_order":6,"comment_status":"closed","ping_status":"closed","template":"","meta":{"footnotes":""},"class_list":["post-29","page","type-page","status-publish","hentry"],"_links":{"self":[{"href":"https:\/\/kinderkrippe-knoblauchsland.de\/index.php\/wp-json\/wp\/v2\/pages\/29","targetHints":{"allow":["GET"]}}],"collection":[{"href":"https:\/\/kinderkrippe-knoblauchsland.de\/index.php\/wp-json\/wp\/v2\/pages"}],"about":[{"href":"https:\/\/kinderkrippe-knoblauchsland.de\/index.php\/wp-json\/wp\/v2\/types\/page"}],"author":[{"embeddable":true,"href":"https:\/\/kinderkrippe-knoblauchsland.de\/index.php\/wp-json\/wp\/v2\/users\/1"}],"replies":[{"embeddable":true,"href":"https:\/\/kinderkrippe-knoblauchsland.de\/index.php\/wp-json\/wp\/v2\/comments?post=29"}],"version-history":[{"count":9,"href":"https:\/\/kinderkrippe-knoblauchsland.de\/index.php\/wp-json\/wp\/v2\/pages\/29\/revisions"}],"predecessor-version":[{"id":697,"href":"https:\/\/kinderkrippe-knoblauchsland.de\/index.php\/wp-json\/wp\/v2\/pages\/29\/revisions\/697"}],"up":[{"embeddable":true,"href":"https:\/\/kinderkrippe-knoblauchsland.de\/index.php\/wp-json\/wp\/v2\/pages\/12"}],"wp:attachment":[{"href":"https:\/\/kinderkrippe-knoblauchsland.de\/index.php\/wp-json\/wp\/v2\/media?parent=29"}],"curies":[{"name":"wp","href":"https:\/\/api.w.org\/{rel}","templated":true}]}}