{"id":42,"date":"2021-01-15T14:26:48","date_gmt":"2021-01-15T14:26:48","guid":{"rendered":"https:\/\/kinderkrippe-knoblauchsland.de\/?page_id=42"},"modified":"2025-10-24T04:36:25","modified_gmt":"2025-10-24T04:36:25","slug":"infotag-und-besichtigung","status":"publish","type":"page","link":"https:\/\/kinderkrippe-knoblauchsland.de\/index.php\/anmeldung-und-formulare\/infotag-und-besichtigung\/","title":{"rendered":"Infotag und Besichtigung"},"content":{"rendered":"<p><img loading=\"lazy\" decoding=\"async\" src=\"https:\/\/kinderkrippe-knoblauchsland.de\/wp-content\/uploads\/2021\/01\/Hintergrundbild-1024x768.jpg\" sizes=\"auto, (max-width: 525px) 100vw, 525px\" srcset=\"https:\/\/kinderkrippe-knoblauchsland.de\/wp-content\/uploads\/2021\/01\/Hintergrundbild-1024x768.jpg 1024w, https:\/\/kinderkrippe-knoblauchsland.de\/wp-content\/uploads\/2021\/01\/Hintergrundbild-300x225.jpg 300w, https:\/\/kinderkrippe-knoblauchsland.de\/wp-content\/uploads\/2021\/01\/Hintergrundbild-768x576.jpg 768w, https:\/\/kinderkrippe-knoblauchsland.de\/wp-content\/uploads\/2021\/01\/Hintergrundbild-1536x1152.jpg 1536w, https:\/\/kinderkrippe-knoblauchsland.de\/wp-content\/uploads\/2021\/01\/Hintergrundbild-2048x1536.jpg 2048w\" alt=\"\" width=\"525\" height=\"394\" \/><\/p>\n<p>Spontane Besuche der Einrichtungen w\u00e4hrend der Betreuungszeit sind leider nicht m\u00f6glich, um die schutzw\u00fcrdigen Interessen unserer Kinder zu wahren und die Mitarbeiter nicht w\u00e4hrend der Arbeitszeit zu st\u00f6ren.<\/p>\n<p>Wir nehmen im Oktober und Januar am Tag der offenen T\u00fcr der Kindertageseinrichtungen in der Stadt F\u00fcrth teil. Die jeweiligen Termine werden rechtzeitig in der Presse ver\u00f6ffentlicht.&#8220;<\/p>\n<p>Wer den Infotag nicht wahrnehmen kann oder zu sp\u00e4t dran war, kann\u00a0<strong>in Ausnahmef\u00e4llen<\/strong>\u00a0eine pers\u00f6nliche Besichtigung der Einrichtung mit Frau Bayer-Tersch vor Ort ausmachen.<\/p>\n","protected":false},"excerpt":{"rendered":"<p>Spontane Besuche der Einrichtungen w\u00e4hrend der Betreuungszeit sind leider nicht m\u00f6glich, um die schutzw\u00fcrdigen Interessen unserer Kinder zu wahren und die Mitarbeiter nicht w\u00e4hrend der&hellip;<\/p>\n","protected":false},"author":1,"featured_media":0,"parent":41,"menu_order":2,"comment_status":"closed","ping_status":"closed","template":"","meta":{"footnotes":""},"class_list":["post-42","page","type-page","status-publish","hentry"],"_links":{"self":[{"href":"https:\/\/kinderkrippe-knoblauchsland.de\/index.php\/wp-json\/wp\/v2\/pages\/42","targetHints":{"allow":["GET"]}}],"collection":[{"href":"https:\/\/kinderkrippe-knoblauchsland.de\/index.php\/wp-json\/wp\/v2\/pages"}],"about":[{"href":"https:\/\/kinderkrippe-knoblauchsland.de\/index.php\/wp-json\/wp\/v2\/types\/page"}],"author":[{"embeddable":true,"href":"https:\/\/kinderkrippe-knoblauchsland.de\/index.php\/wp-json\/wp\/v2\/users\/1"}],"replies":[{"embeddable":true,"href":"https:\/\/kinderkrippe-knoblauchsland.de\/index.php\/wp-json\/wp\/v2\/comments?post=42"}],"version-history":[{"count":14,"href":"https:\/\/kinderkrippe-knoblauchsland.de\/index.php\/wp-json\/wp\/v2\/pages\/42\/revisions"}],"predecessor-version":[{"id":1138,"href":"https:\/\/kinderkrippe-knoblauchsland.de\/index.php\/wp-json\/wp\/v2\/pages\/42\/revisions\/1138"}],"up":[{"embeddable":true,"href":"https:\/\/kinderkrippe-knoblauchsland.de\/index.php\/wp-json\/wp\/v2\/pages\/41"}],"wp:attachment":[{"href":"https:\/\/kinderkrippe-knoblauchsland.de\/index.php\/wp-json\/wp\/v2\/media?parent=42"}],"curies":[{"name":"wp","href":"https:\/\/api.w.org\/{rel}","templated":true}]}}