{"id":44,"date":"2021-01-15T14:27:17","date_gmt":"2021-01-15T14:27:17","guid":{"rendered":"https:\/\/kinderkrippe-knoblauchsland.de\/?page_id=44"},"modified":"2021-02-21T15:45:01","modified_gmt":"2021-02-21T15:45:01","slug":"e-mail","status":"publish","type":"page","link":"https:\/\/kinderkrippe-knoblauchsland.de\/index.php\/kontakt\/e-mail\/","title":{"rendered":"E-Mail"},"content":{"rendered":"<p><img decoding=\"async\" width=\"163\" height=\"195\" src=\"https:\/\/kinderkrippe-knoblauchsland.de\/wp-content\/uploads\/2021\/01\/Krippe-Birgit-Bayer-Tersch.png\" alt=\"\" loading=\"lazy\" \/>\t\t\t\t\t\t\t\t\t\t\t<\/p>\n<p><strong>Birgit Bayer-Tersch<\/strong><\/p>\n<p>Zust\u00e4ndig f\u00fcr:<\/p>\n<p>Alle Fragen rund um verwaltungstechnische Fragen wie\u00a0 Anmeldung, Beitr\u00e4ge, Buchungen und \u00c4nderungen.<\/p>\n<p>Kontakt: verwaltung [@] kinderkrippe-knoblauchsland.de<\/p>\n<p><strong>Sandra Mauser<\/strong><\/p>\n<p>Zust\u00e4ndig f\u00fcr:<\/p>\n<p>Alle Fragen bzgl. Eingew\u00f6hnung, P\u00e4dagogik und Personal<\/p>\n<p>Kontakt: verwaltung [@] kinderkrippe-knoblauchsland.de oder direkt vor Ort.<\/p>\n<p>\t\t\t\t\t\t\t\t\t\t<img decoding=\"async\" width=\"168\" height=\"210\" src=\"https:\/\/kinderkrippe-knoblauchsland.de\/wp-content\/uploads\/2021\/01\/Krippe-Sandra-Mauser.png\" alt=\"\" loading=\"lazy\" \/><\/p>\n","protected":false},"excerpt":{"rendered":"<p>Birgit Bayer-Tersch Zust\u00e4ndig f\u00fcr: Alle Fragen rund um verwaltungstechnische Fragen wie\u00a0 Anmeldung, Beitr\u00e4ge, Buchungen und \u00c4nderungen. Kontakt: verwaltung [@] kinderkrippe-knoblauchsland.de Sandra Mauser Zust\u00e4ndig f\u00fcr: Alle&hellip;<\/p>\n","protected":false},"author":1,"featured_media":0,"parent":45,"menu_order":1,"comment_status":"closed","ping_status":"closed","template":"","meta":{"footnotes":""},"class_list":["post-44","page","type-page","status-publish","hentry"],"_links":{"self":[{"href":"https:\/\/kinderkrippe-knoblauchsland.de\/index.php\/wp-json\/wp\/v2\/pages\/44","targetHints":{"allow":["GET"]}}],"collection":[{"href":"https:\/\/kinderkrippe-knoblauchsland.de\/index.php\/wp-json\/wp\/v2\/pages"}],"about":[{"href":"https:\/\/kinderkrippe-knoblauchsland.de\/index.php\/wp-json\/wp\/v2\/types\/page"}],"author":[{"embeddable":true,"href":"https:\/\/kinderkrippe-knoblauchsland.de\/index.php\/wp-json\/wp\/v2\/users\/1"}],"replies":[{"embeddable":true,"href":"https:\/\/kinderkrippe-knoblauchsland.de\/index.php\/wp-json\/wp\/v2\/comments?post=44"}],"version-history":[{"count":4,"href":"https:\/\/kinderkrippe-knoblauchsland.de\/index.php\/wp-json\/wp\/v2\/pages\/44\/revisions"}],"predecessor-version":[{"id":929,"href":"https:\/\/kinderkrippe-knoblauchsland.de\/index.php\/wp-json\/wp\/v2\/pages\/44\/revisions\/929"}],"up":[{"embeddable":true,"href":"https:\/\/kinderkrippe-knoblauchsland.de\/index.php\/wp-json\/wp\/v2\/pages\/45"}],"wp:attachment":[{"href":"https:\/\/kinderkrippe-knoblauchsland.de\/index.php\/wp-json\/wp\/v2\/media?parent=44"}],"curies":[{"name":"wp","href":"https:\/\/api.w.org\/{rel}","templated":true}]}}