{"id":8,"date":"2021-01-15T14:22:04","date_gmt":"2021-01-15T14:22:04","guid":{"rendered":"https:\/\/kinderkrippe-knoblauchsland.de\/?page_id=8"},"modified":"2021-01-28T19:25:46","modified_gmt":"2021-01-28T19:25:46","slug":"ansprechpartner","status":"publish","type":"page","link":"https:\/\/kinderkrippe-knoblauchsland.de\/index.php\/ueber-uns\/ansprechpartner\/","title":{"rendered":"Ansprechpartnerinnen"},"content":{"rendered":"<p><img decoding=\"async\" width=\"163\" height=\"195\" src=\"https:\/\/kinderkrippe-knoblauchsland.de\/wp-content\/uploads\/2021\/01\/Krippe-Birgit-Bayer-Tersch.png\" alt=\"\" loading=\"lazy\"><\/p>\n<p><strong>Birgit Bayer-Tersch<\/strong><\/p>\n<p>Zust\u00e4ndig f\u00fcr:<\/p>\n<p>Alle Fragen rund um verwaltungstechnische Fragen wie&nbsp; Anmeldung, Beitr\u00e4ge, Buchungen und \u00c4nderungen.<\/p>\n<p>Kontakt: verwaltung [@] kinderkrippe-knoblauchsland.de<\/p>\n<p><strong>Sandra Mauser<\/strong><\/p>\n<p>Zust\u00e4ndig f\u00fcr:<\/p>\n<p>Alle Fragen bzgl. Eingew\u00f6hnung, P\u00e4dagogik und Personal<\/p>\n<p>Kontakt: verwaltung [@] kinderkrippe-knoblauchsland.de oder direkt vor Ort.<\/p>\n<p><img decoding=\"async\" width=\"168\" height=\"210\" src=\"https:\/\/kinderkrippe-knoblauchsland.de\/wp-content\/uploads\/2021\/01\/Krippe-Sandra-Mauser.png\" alt=\"\" loading=\"lazy\"><\/p>\n","protected":false},"excerpt":{"rendered":"<p>Birgit Bayer-Tersch Zust\u00e4ndig f\u00fcr: Alle Fragen rund um verwaltungstechnische Fragen wie&nbsp; Anmeldung, Beitr\u00e4ge, Buchungen und \u00c4nderungen. Kontakt: verwaltung [@] kinderkrippe-knoblauchsland.de Sandra Mauser Zust\u00e4ndig f\u00fcr: Alle&hellip;<\/p>\n","protected":false},"author":1,"featured_media":0,"parent":7,"menu_order":2,"comment_status":"closed","ping_status":"closed","template":"","meta":{"footnotes":""},"class_list":["post-8","page","type-page","status-publish","hentry"],"_links":{"self":[{"href":"https:\/\/kinderkrippe-knoblauchsland.de\/index.php\/wp-json\/wp\/v2\/pages\/8","targetHints":{"allow":["GET"]}}],"collection":[{"href":"https:\/\/kinderkrippe-knoblauchsland.de\/index.php\/wp-json\/wp\/v2\/pages"}],"about":[{"href":"https:\/\/kinderkrippe-knoblauchsland.de\/index.php\/wp-json\/wp\/v2\/types\/page"}],"author":[{"embeddable":true,"href":"https:\/\/kinderkrippe-knoblauchsland.de\/index.php\/wp-json\/wp\/v2\/users\/1"}],"replies":[{"embeddable":true,"href":"https:\/\/kinderkrippe-knoblauchsland.de\/index.php\/wp-json\/wp\/v2\/comments?post=8"}],"version-history":[{"count":26,"href":"https:\/\/kinderkrippe-knoblauchsland.de\/index.php\/wp-json\/wp\/v2\/pages\/8\/revisions"}],"predecessor-version":[{"id":927,"href":"https:\/\/kinderkrippe-knoblauchsland.de\/index.php\/wp-json\/wp\/v2\/pages\/8\/revisions\/927"}],"up":[{"embeddable":true,"href":"https:\/\/kinderkrippe-knoblauchsland.de\/index.php\/wp-json\/wp\/v2\/pages\/7"}],"wp:attachment":[{"href":"https:\/\/kinderkrippe-knoblauchsland.de\/index.php\/wp-json\/wp\/v2\/media?parent=8"}],"curies":[{"name":"wp","href":"https:\/\/api.w.org\/{rel}","templated":true}]}}