{"id":9,"date":"2021-01-15T14:22:13","date_gmt":"2021-01-15T14:22:13","guid":{"rendered":"https:\/\/kinderkrippe-knoblauchsland.de\/?page_id=9"},"modified":"2021-01-28T19:26:48","modified_gmt":"2021-01-28T19:26:48","slug":"krippe","status":"publish","type":"page","link":"https:\/\/kinderkrippe-knoblauchsland.de\/index.php\/ueber-uns\/krippe\/","title":{"rendered":"Krippe"},"content":{"rendered":"<p><img decoding=\"async\" width=\"385\" height=\"289\" src=\"https:\/\/kinderkrippe-knoblauchsland.de\/wp-content\/uploads\/2021\/01\/Krippe-Krippe-2.png\" alt=\"\" loading=\"lazy\" srcset=\"https:\/\/kinderkrippe-knoblauchsland.de\/wp-content\/uploads\/2021\/01\/Krippe-Krippe-2.png 385w, https:\/\/kinderkrippe-knoblauchsland.de\/wp-content\/uploads\/2021\/01\/Krippe-Krippe-2-300x225.png 300w\" sizes=\"auto, (max-width: 385px) 100vw, 385px\"><\/p>\n<p>Die Krippe, befindet sich im mittleren Geb\u00e4udetrakt und hat 3 Gruppen mit Nebenr\u00e4umen, f\u00fcr Kinder, im Alter von 1 bis 3 Jahren. Jede Gruppe, wird von 2 Erzieherinnen und einer Kinderpflegerin, bzw. Praktikantin betreut.<\/p>\n<p>Jeweils 11 Kinder, geh\u00f6ren zu einer festen Stammgruppe, die allerdings in Randzeiten oder f\u00fcr altersentsprechende Angebote, auch gruppen\u00fcbergreifend arbeitet.<\/p>\n<p><img decoding=\"async\" width=\"217\" height=\"289\" src=\"https:\/\/kinderkrippe-knoblauchsland.de\/wp-content\/uploads\/2021\/01\/Krippe-Krippe-3.png\" alt=\"\" loading=\"lazy\"><br \/>\n<img decoding=\"async\" width=\"388\" height=\"291\" src=\"https:\/\/kinderkrippe-knoblauchsland.de\/wp-content\/uploads\/2021\/01\/Krippe-Krippe-1.png\" alt=\"\" loading=\"lazy\" srcset=\"https:\/\/kinderkrippe-knoblauchsland.de\/wp-content\/uploads\/2021\/01\/Krippe-Krippe-1.png 388w, https:\/\/kinderkrippe-knoblauchsland.de\/wp-content\/uploads\/2021\/01\/Krippe-Krippe-1-300x225.png 300w\" sizes=\"auto, (max-width: 388px) 100vw, 388px\"><\/p>\n<p>Der 360 qm gro\u00dfe, kleinkindgerechte Garten mit Spielger\u00e4ten, Matschecke, Fahrzeugen und Naturmaterialien, steht allen 3 Gruppen gemeinsam zur Verf\u00fcgung.<\/p>\n","protected":false},"excerpt":{"rendered":"<p>Die Krippe, befindet sich im mittleren Geb\u00e4udetrakt und hat 3 Gruppen mit Nebenr\u00e4umen, f\u00fcr Kinder, im Alter von 1 bis 3 Jahren. Jede Gruppe, wird&hellip;<\/p>\n","protected":false},"author":1,"featured_media":0,"parent":7,"menu_order":3,"comment_status":"closed","ping_status":"closed","template":"","meta":{"footnotes":""},"class_list":["post-9","page","type-page","status-publish","hentry"],"_links":{"self":[{"href":"https:\/\/kinderkrippe-knoblauchsland.de\/index.php\/wp-json\/wp\/v2\/pages\/9","targetHints":{"allow":["GET"]}}],"collection":[{"href":"https:\/\/kinderkrippe-knoblauchsland.de\/index.php\/wp-json\/wp\/v2\/pages"}],"about":[{"href":"https:\/\/kinderkrippe-knoblauchsland.de\/index.php\/wp-json\/wp\/v2\/types\/page"}],"author":[{"embeddable":true,"href":"https:\/\/kinderkrippe-knoblauchsland.de\/index.php\/wp-json\/wp\/v2\/users\/1"}],"replies":[{"embeddable":true,"href":"https:\/\/kinderkrippe-knoblauchsland.de\/index.php\/wp-json\/wp\/v2\/comments?post=9"}],"version-history":[{"count":21,"href":"https:\/\/kinderkrippe-knoblauchsland.de\/index.php\/wp-json\/wp\/v2\/pages\/9\/revisions"}],"predecessor-version":[{"id":665,"href":"https:\/\/kinderkrippe-knoblauchsland.de\/index.php\/wp-json\/wp\/v2\/pages\/9\/revisions\/665"}],"up":[{"embeddable":true,"href":"https:\/\/kinderkrippe-knoblauchsland.de\/index.php\/wp-json\/wp\/v2\/pages\/7"}],"wp:attachment":[{"href":"https:\/\/kinderkrippe-knoblauchsland.de\/index.php\/wp-json\/wp\/v2\/media?parent=9"}],"curies":[{"name":"wp","href":"https:\/\/api.w.org\/{rel}","templated":true}]}}